{"id":311,"date":"2018-10-07T16:30:39","date_gmt":"2018-10-07T14:30:39","guid":{"rendered":"https:\/\/www.eurojackpot-generator.de\/?page_id=311"},"modified":"2018-10-07T21:34:04","modified_gmt":"2018-10-07T19:34:04","slug":"informationen-eurojackpot-generator","status":"publish","type":"page","link":"https:\/\/www.eurojackpot-generator.de\/es\/informationen-eurojackpot-generator\/","title":{"rendered":"Informaci\u00f3n sobre el EuroJackpot Generator"},"content":{"rendered":"<p>[vc_row][vc_column][vc_column_text]El EuroJackpot Generator calcula los n\u00fameros optimizados bas\u00e1ndose en el an\u00e1lisis estad\u00edstico matem\u00e1tico de los sorteos pasados. El primer sorteo de EuroJackpot tuvo lugar el viernes 23.03.2012. Ya que esto se repite semanalmente. En la actualidad (07.10.2018) hab\u00eda 341 sorteos de 5 n\u00fameros cada uno y dos n\u00fameros en euros. Una base de datos clara con todos los n\u00fameros ganadores se puede encontrar aqu\u00ed: <a title=\"Base de datos con todos los n\u00fameros ganadores de EuroJackpot\" href=\"https:\/\/www.eurojackpot-generator.de\/es\/ziehungen\/\">N\u00fameros ganadores de EuroJackpot.<\/a>[\/vc_column_text][\/vc_column][\/vc_row][vc_row][vc_column][vc_cta h2=&#8221;Genere consejos optimizados a trav\u00e9s del an\u00e1lisis estad\u00edstico matem\u00e1tico de los n\u00fameros ganadores.&#8221; shape=&#8221;square&#8221; style=&#8221;flat&#8221; color=&#8221;sandy-brown&#8221; add_button=&#8221;bottom&#8221; btn_title=&#8221;Generar n\u00fameros de Eurojackpot optimizados&#8221; btn_style=&#8221;flat&#8221; btn_shape=&#8221;square&#8221; btn_color=&#8221;green&#8221; btn_align=&#8221;center&#8221; btn_i_align=&#8221;right&#8221; btn_i_icon_fontawesome=&#8221;fa fa-signal&#8221; add_icon=&#8221;bottom&#8221; i_icon_fontawesome=&#8221;fa fa-eye&#8221; btn_add_icon=&#8221;true&#8221; i_on_border=&#8221;true&#8221; btn_link=&#8221;url:https%3A%2F%2Fwww.eurojackpot-generator.de%2Fes%2Fgenerate%2F|||&#8221; css=&#8221;.vc_custom_1538940834424{background-color: rgba(83,99,184,0.42) !important;*background-color: rgb(83,99,184) !important;}&#8221;]<span style=\"color: #ffffff;\">Iniciar un an\u00e1lisis de los n\u00fameros ganadores anteriores. Los resultados de este an\u00e1lisis se presentan gr\u00e1ficamente para usted y se optimizan las sugerencias para el pr\u00f3ximo sorteo generado. Los resultados tambi\u00e9n se pueden jugar en l\u00ednea en este momento.<\/span>[\/vc_cta][vc_column_text]El conjunto de datos ofrece la posibilidad de examinarlo de acuerdo a diferentes aspectos. La frecuencia de los n\u00fameros individuales dibujados es uno de ellos. Se pueden examinar diferentes per\u00edodos de tiempo para los n\u00fameros dibujados m\u00e1s frecuentemente en el per\u00edodo respectivo. Por ejemplo, Se pueden determinar los n\u00fameros ganadores m\u00e1s frecuentemente sorteados de los \u00faltimos 50 sorteos. Adem\u00e1s, las combinaciones de dos personas tambi\u00e9n se pueden examinar para determinar la frecuencia. Por ejemplo, Se pueden calcular los pares m\u00e1s dibujados de los \u00faltimos 100 sorteos.<\/p>\n<p>Otra posibilidad de an\u00e1lisis son las cuotas de beneficio. Si los n\u00fameros ganadores fueron escritos por muchos jugadores, las probabilidades son bastante m\u00e1s bajas. Los ganadores deben compartir las ganancias con m\u00e1s personas. Por lo tanto, no se recomienda, por ejemplo. Jugando n\u00fameros de fechas de cumplea\u00f1os o similares. Por lo tanto, las altas cuotas indican que los n\u00fameros fueron m\u00e1s bien tipificados por unos pocos. Con el fin de obtener un mayor beneficio posible, es aconsejable, m\u00e1s bien, jugar con combinaciones num\u00e9ricas tipificadas con menos frecuencia. Estos tambi\u00e9n pueden ser determinados por el generador para per\u00edodos seleccionados.<\/p>\n<p>El EuroJackpotzahlen vencido es otro criterio de an\u00e1lisis para el generador. Se determina qu\u00e9 n\u00fameros no se han extra\u00eddo por m\u00e1s tiempo y, por lo tanto, est\u00e1n &#8220;vencidos&#8221;. De acuerdo con los estoc\u00e1sticos te\u00f3ricos, existe una mayor probabilidad de que se dibujen estos n\u00fameros.[\/vc_column_text][\/vc_column][\/vc_row][vc_row][vc_column][vc_column_text]Puede decidir por s\u00ed mismo cu\u00e1ntos an\u00e1lisis individuales se realizan con qu\u00e9 par\u00e1metros para generar sugerencias. Los resultados de estos an\u00e1lisis se muestran tanto gr\u00e1ficamente como en forma de tabla para el c\u00e1lculo respectivo.<\/p>\n<p>Las sugerencias optimizadas se generan a partir de todos los c\u00e1lculos individuales de un generador. Los resultados de los an\u00e1lisis se utilizan en partes iguales y se combinan de forma \u00f3ptima como consejos.[\/vc_column_text][\/vc_column][\/vc_row]<\/p>\n","protected":false},"excerpt":{"rendered":"<p>[vc_row][vc_column][vc_column_text]El EuroJackpot Generator calcula los n\u00fameros optimizados bas\u00e1ndose en el an\u00e1lisis estad\u00edstico matem\u00e1tico de los sorteos pasados. El primer sorteo de EuroJackpot tuvo lugar el viernes 23.03.2012. Ya que esto se repite semanalmente. En la actualidad (07.10.2018) hab\u00eda 341 sorteos<span class=\"ellipsis\">&hellip;<\/span><\/p>\n","protected":false},"author":1,"featured_media":0,"parent":0,"menu_order":0,"comment_status":"closed","ping_status":"closed","template":"full-width.php","meta":{"footnotes":""},"class_list":["post-311","page","type-page","status-publish","hentry"],"translation":{"provider":"WPGlobus","version":"3.0.0","language":"es","enabled_languages":["de","en","es"],"languages":{"de":{"title":true,"content":true,"excerpt":false},"en":{"title":true,"content":true,"excerpt":false},"es":{"title":true,"content":true,"excerpt":false}}},"_links":{"self":[{"href":"https:\/\/www.eurojackpot-generator.de\/es\/wp-json\/wp\/v2\/pages\/311","targetHints":{"allow":["GET"]}}],"collection":[{"href":"https:\/\/www.eurojackpot-generator.de\/es\/wp-json\/wp\/v2\/pages"}],"about":[{"href":"https:\/\/www.eurojackpot-generator.de\/es\/wp-json\/wp\/v2\/types\/page"}],"author":[{"embeddable":true,"href":"https:\/\/www.eurojackpot-generator.de\/es\/wp-json\/wp\/v2\/users\/1"}],"replies":[{"embeddable":true,"href":"https:\/\/www.eurojackpot-generator.de\/es\/wp-json\/wp\/v2\/comments?post=311"}],"version-history":[{"count":9,"href":"https:\/\/www.eurojackpot-generator.de\/es\/wp-json\/wp\/v2\/pages\/311\/revisions"}],"predecessor-version":[{"id":328,"href":"https:\/\/www.eurojackpot-generator.de\/es\/wp-json\/wp\/v2\/pages\/311\/revisions\/328"}],"wp:attachment":[{"href":"https:\/\/www.eurojackpot-generator.de\/es\/wp-json\/wp\/v2\/media?parent=311"}],"curies":[{"name":"wp","href":"https:\/\/api.w.org\/{rel}","templated":true}]}}