{"id":6,"date":"2018-09-14T21:15:29","date_gmt":"2018-09-14T19:15:29","guid":{"rendered":"https:\/\/www.eurojackpot-generator.de\/?page_id=6"},"modified":"2018-10-07T21:42:38","modified_gmt":"2018-10-07T19:42:38","slug":"euro-jackpot-generator-2","status":"publish","type":"page","link":"https:\/\/www.eurojackpot-generator.de\/es\/","title":{"rendered":"Euro Jackpot Generator"},"content":{"rendered":"<p>[vc_row css=&#8221;.vc_custom_1506713603276{margin-top: 10px !important;background: rgba(234,234,63,0.21) url(https:\/\/www.eurojackpot-generator.de\/wp-content\/uploads\/2016\/12\/header-image.png?id=212) !important;*background-color: rgb(234,234,63) !important;}&#8221;][vc_column width=&#8221;1\/2&#8243; css=&#8221;.vc_custom_1506704453178{margin-left: -15px !important;}&#8221; el_class=&#8221;header-area&#8221;][\/vc_column][vc_column width=&#8221;1\/2&#8243;][vc_column_text]<\/p>\n<h1 style=\"text-align: center;\">EuroJackpot Generator<\/h1>\n<p style=\"text-align: center;\"><strong>Calcule los n\u00fameros optimizados a trav\u00e9s del an\u00e1lisis estad\u00edstico<\/strong><\/p>\n<p>[\/vc_column_text][\/vc_column][\/vc_row][vc_row css=&#8221;.vc_custom_1506713649386{margin-right: -45px !important;}&#8221;][vc_column width=&#8221;1\/2&#8243; css=&#8221;.vc_custom_1506713857512{margin-top: -20px !important;}&#8221;][vc_column_text el_class=&#8221;hidden-xs&#8221;]<\/p>\n<h2>An\u00e1lisis estad\u00edstico<\/h2>\n<p style=\"text-align: center;\">Analice los n\u00fameros ganadores de los \u00faltimos sorteos de Eurojackpot y calcule los n\u00fameros \u00f3ptimos para su pr\u00f3ximo consejo<\/p>\n<h2>Evaluaci\u00f3n gr\u00e1fica<\/h2>\n<p style=\"text-align: center;\">Los resultados calculados se muestran en diagramas visualmente atractivos<\/p>\n<p>[\/vc_column_text][vc_line_chart legend=&#8221;&#8221; tooltips=&#8221;&#8221; x_values=&#8221;1;2;3;4;5;6;7;8;9;10&#8243; values=&#8221;%5B%7B%22title%22%3A%22gezogen%22%2C%22y_values%22%3A%2210%3B%2015%3B%2019%3B%2017%3B%2013%3B%2011%3B%209%3B%2013%3B12%3B18%22%2C%22color%22%3A%22pink%22%7D%2C%7B%22color%22%3A%22sandy-brown%22%2C%22custom_color%22%3A%22%2350485b%22%7D%5D&#8221; el_class=&#8221;homepage-bar hidden-xs&#8221;][\/vc_column][vc_column width=&#8221;1\/2&#8243; css=&#8221;.vc_custom_1506713683336{margin-top: -30px !important;}&#8221;][vc_column_text css=&#8221;.vc_custom_1538941345168{margin-top: 10px !important;margin-right: 15px !important;margin-bottom: 10px !important;margin-left: -15px !important;padding-top: 20px !important;padding-right: 20px !important;padding-bottom: 20px !important;padding-left: 20px !important;background-color: rgba(237,237,177,0.16) !important;*background-color: rgb(237,237,177) !important;}&#8221;]<\/p>\n<h2>Genera tus consejos para el pr\u00f3ximo sorteo &lt;\/ h2&gt;<\/h2>\n<p style=\"text-align: center;\"><strong> <a href=\"https:\/\/www.eurojackpot-generator.com\/es\/generate\/\"> Start Number Analysis <\/a> &lt;\/ strong&gt; <\/strong><\/p>\n<p>[\/vc_column_text][vc_column_text css=&#8221;.vc_custom_1538918962453{padding-top: 50px !important;padding-bottom: 50px !important;}&#8221;]<\/p>\n<h3 style=\"text-align: center;\">Los n\u00fameros ganadores actuales de 25.7.2025<\/h3>\n<div class=\"analyse-results\">\n    <div class=\"tips-container\">\n        <ul>\n            <li>\n                                    <div class=\"number\">\n                        7                    <\/div>\n                                    <div class=\"number\">\n                        8                    <\/div>\n                                    <div class=\"number\">\n                        13                    <\/div>\n                                    <div class=\"number\">\n                        29                    <\/div>\n                                    <div class=\"number\">\n                        36                    <\/div>\n                                <div class=\"euronumbers\">\n                    <div class=\"euronumberslabel\">\n                        cifras en euros:                    <\/div>\n\n                                            <div class=\"number\">\n                            4                        <\/div>\n                                            <div class=\"number\">\n                            8                        <\/div>\n                                    <\/div>\n            <\/li>\n        <\/ul>\n    <\/div>\n<\/div>[\/vc_column_text][vc_column_text el_class=&#8221;hidden-xs&#8221; css=&#8221;.vc_custom_1538919005384{padding-bottom: 50px !important;}&#8221;]<\/p>\n<h2>Combinaci\u00f3n de diferentes c\u00e1lculos de an\u00e1lisis<\/h2>\n<p style=\"text-align: center;\">Los n\u00fameros m\u00e1s dibujados en ciertos per\u00edodos de tiempo<br \/>\nLos dos m\u00e1s comunes en ciertos per\u00edodos<br \/>\nAltas tasas de ganancia en ciertos per\u00edodos<br \/>\nN\u00fameros que no se han arrastrado durante mucho tiempo y est\u00e1n atrasados \u200b\u200b<\/p>\n<p>[\/vc_column_text][vc_column_text 0=&#8221;&#8221; css=&#8221;.vc_custom_1509801451797{margin-right: 15px !important;}&#8221;]<\/p>\n<h2>Predicci\u00f3n de n\u00fameros ganadores de EuroJackpot<\/h2>\n<p style=\"text-align: center;\">Seg\u00fan los resultados del an\u00e1lisis de los sorteos del pasado, se generar\u00e1n n\u00fameros para escribir en el pr\u00f3ximo sorteo<\/p>\n<p>[\/vc_column_text][\/vc_column][\/vc_row][vc_row 0=&#8221;&#8221;][vc_column 0=&#8221;&#8221;][vc_column_text 0=&#8221;&#8221;]<\/p>\n<h3 style=\"text-align: center;\">Cu\u00e1ntas veces se han dibujado todos los n\u00fameros<\/h3>\n<p>\n<script type=\"text\/javascript\" src=\"https:\/\/www.google.com\/jsapi\"><\/script>\n\n\n<script type=\"text\/javascript\">\n    google.load(\"visualization\", \"1\", {packages: [\"corechart\"]});\n    google.setOnLoadCallback(drawChart);\n    function drawChart() {\n\n        var data = google.visualization.arrayToDataTable([\n            ['number', 'H\u00e4ufigkeit', { role: 'style' }],\n                                    ['1', 92,'blue']\n                                    ,            ['2', 84,'blue']\n                                    ,            ['3', 82,'blue']\n                                    ,            ['4', 85,'blue']\n                                    ,            ['5', 75,'blue']\n                                    ,            ['6', 90,'blue']\n                                    ,            ['7', 93,'#114786']\n                                    ,            ['8', 91,'#114786']\n                                    ,            ['9', 94,'blue']\n                                    ,            ['10', 83,'blue']\n                                    ,            ['11', 97,'blue']\n                                    ,            ['12', 86,'blue']\n                                    ,            ['13', 92,'#114786']\n                                    ,            ['14', 91,'blue']\n                                    ,            ['15', 91,'blue']\n                                    ,            ['16', 95,'blue']\n                                    ,            ['17', 98,'blue']\n                                    ,            ['18', 93,'blue']\n                                    ,            ['19', 89,'blue']\n                                    ,            ['20', 104,'blue']\n                                    ,            ['21', 94,'blue']\n                                    ,            ['22', 83,'blue']\n                                    ,            ['23', 91,'blue']\n                                    ,            ['24', 78,'blue']\n                                    ,            ['25', 76,'blue']\n                                    ,            ['26', 81,'blue']\n                                    ,            ['27', 74,'blue']\n                                    ,            ['28', 84,'blue']\n                                    ,            ['29', 87,'#114786']\n                                    ,            ['30', 92,'blue']\n                                    ,            ['31', 85,'blue']\n                                    ,            ['32', 86,'blue']\n                                    ,            ['33', 79,'blue']\n                                    ,            ['34', 102,'blue']\n                                    ,            ['35', 94,'blue']\n                                    ,            ['36', 78,'#114786']\n                                    ,            ['37', 83,'blue']\n                                    ,            ['38', 90,'blue']\n                                    ,            ['39', 92,'blue']\n                                    ,            ['40', 84,'blue']\n                                    ,            ['41', 90,'blue']\n                                    ,            ['42', 82,'blue']\n                                    ,            ['43', 87,'blue']\n                                    ,            ['44', 85,'blue']\n                                    ,            ['45', 89,'blue']\n                                    ,            ['46', 86,'blue']\n                                    ,            ['47', 85,'blue']\n                                    ,            ['48', 68,'blue']\n                                    ,            ['49', 101,'blue']\n                                    ,            ['50', 74,'blue']\n                                ]);\n        var options = {\n            title: 'frecuencia',\n            hAxis: {title: '', titleTextStyle: {color: '#42474A'}},\n            legend: {position: \"none\"}\n        };\n\n        var chartgraph = new google.visualization.ColumnChart(document.getElementById('hfk-chartgraph'));\n\n        chartgraph.draw(data, options);\n\n        jQuery('.analyse-results').find('a[href=\"#graphTab\"]').click(function () {\n            setTimeout(function () {\n                chartgraph.draw(data, options);\n            }, 100);\n\n        });\n\n    }\n<\/script>\n\n<div id=\"hfk-chartgraph\"><\/div>[\/vc_column_text][\/vc_column][\/vc_row][vc_row][vc_column][vc_column_text]<\/p>\n<h2>Loter\u00eda del Euro Jackpot<\/h2>\n<h3>Estas son las caracter\u00edsticas de la loter\u00eda Eurojackpot<\/h3>\n<p>La loter\u00eda Eurojackpot solo existe desde 2012. Los pa\u00edses miembros fueron inicialmente Alemania y Dinamarca, Estonia y Finlandia, adem\u00e1s de Italia, Eslovenia y los Pa\u00edses Bajos. La loter\u00eda m\u00e1s grande de Europa, tambi\u00e9n conocida como EuroLotto, se centra en la experiencia compartida. Los participantes de 17 pa\u00edses europeos juegan loter\u00eda juntos. Esto es posible a trav\u00e9s de la cooperaci\u00f3n de las compa\u00f1\u00edas estatales de loter\u00eda de estos pa\u00edses. Un gran premio mayor de hasta 90 millones de euros es por lo tanto concebible. Polonia tambi\u00e9n ha sido miembro de la gran comunidad de loter\u00eda europea desde el 15 de septiembre.<\/p>\n<h3>\u00bfC\u00f3mo se juega EuroLotto y qu\u00e9 ganancias son posibles?<\/h3>\n<p>La loter\u00eda se juega una vez a la semana los viernes. Marcan un total de siete n\u00fameros. En el campo A, escribe cinco n\u00fameros de 50, en el campo B selecciona dos n\u00fameros de 10. Los n\u00fameros en el campo B se llaman n\u00fameros de Euro. En Alemania, cada propina cuesta dos euros, se agrega una peque\u00f1a tarifa de procesamiento por boleto. La cantidad del premio real siempre depende de la cantidad de jugadores. La caracter\u00edstica especial del Euro Jackpot: para la clase de mayor beneficio, siempre se garantizan al menos 10 millones de euros. La mitad de las apuestas se distribuir\u00e1n a los participantes nuevamente como premio. La posibilidad de ganar el premio principal, es decir, la clase ganadora \/ rango I, es 1: 95.344.200 para el Euro Jackpot y 1:35 para la ganancia m\u00e1s baja, es decir, la clase ganadora \/ rango XII. Todos los viernes a las 19:00 es la fecha de cierre del sorteo. Se lleva a cabo en Helsinki bajo la supervisi\u00f3n de la polic\u00eda.<\/p>\n<p>El sorteo en Helsinki se desv\u00eda de varias maneras de la loter\u00eda cl\u00e1sica en Alemania. Por ejemplo, no es televisado. Sin embargo, puedes seguir el sorteo en vivo en YouTube. Los jugadores eligen los dos pagos adicionales en s\u00ed mismos. En el Lotto convencional 6 de 49, el N\u00famero Super ya viene dado por el boleto del juego. Los n\u00fameros de Euro permiten m\u00e1s combinaciones de todos los n\u00fameros. Los 12 rangos ganadores resultantes son m\u00e1s interesantes para muchos jugadores.<\/p>\n<p><strong>La siguiente tabla muestra la probabilidad de ganancia por rango:<\/strong><\/p>\n<table>\n<tbody>\n<tr>\n<td>5 a la derecha &#8211; 2 n\u00fameros de Euro a la derecha<\/td>\n<td>Rango I<\/td>\n<td>1: 95.344.200<\/td>\n<\/tr>\n<tr>\n<td>5 a la derecha &#8211; 1 euro correcto<\/td>\n<td>Rango II<\/td>\n<td>1: 5,959,000<\/td>\n<\/tr>\n<tr>\n<td>5 Derecha &#8211; 0 Euro N\u00famero<\/td>\n<td>Rango III<\/td>\n<td>1: 3.405.150<\/td>\n<\/tr>\n<tr>\n<td>4 a la derecha &#8211; 2 n\u00fameros del Euro a la derecha<\/td>\n<td>Rango IV<\/td>\n<td>1: 423,750<\/td>\n<\/tr>\n<tr>\n<td>4 a la derecha &#8211; 1 euro correcto<\/td>\n<td>Rango V<\/td>\n<td>1: 26.485<\/td>\n<\/tr>\n<tr>\n<td>4 correctos &#8211; 0 n\u00famero de euro<\/td>\n<td>Rango VI<\/td>\n<td>1: 15.134<\/td>\n<\/tr>\n<tr>\n<td>3 a la derecha &#8211; 2 n\u00fameros del Euro a la derecha<\/td>\n<td>Rango VII<\/td>\n<td>1: 9,630<\/td>\n<\/tr>\n<tr>\n<td>3 a la derecha &#8211; 1 euro correcto<\/td>\n<td>Fila VIII<\/td>\n<td>1: 672<\/td>\n<\/tr>\n<tr>\n<td>2 a la derecha &#8211; 2 n\u00fameros del Euro a la derecha<\/td>\n<td>Rango IX<\/td>\n<td>1: 600<\/td>\n<\/tr>\n<tr>\n<td>3 correctos &#8211; 0 n\u00famero de euro<\/td>\n<td>Rango X<\/td>\n<td>1: 344<\/td>\n<\/tr>\n<tr>\n<td>1 a la derecha &#8211; 2 n\u00fameros de Euro a la derecha<\/td>\n<td>Rango XI<\/td>\n<td>1: 128<\/td>\n<\/tr>\n<tr>\n<td>2 derecha &#8211; 1 euro correcto<\/td>\n<td>Rango XII<\/td>\n<td>1:42<\/td>\n<\/tr>\n<\/tbody>\n<\/table>\n<p>La posibilidad de ganar el premio m\u00e1s alto en el Euro Lotto es el doble que en la loter\u00eda tradicional. La ganancia m\u00e1xima garantizada tambi\u00e9n hace que esta loter\u00eda sea atractiva.[\/vc_column_text][\/vc_column][\/vc_row]<\/p>\n","protected":false},"excerpt":{"rendered":"<p>[vc_row css=&#8221;.vc_custom_1506713603276{margin-top: 10px !important;background: rgba(234,234,63,0.21) url(https:\/\/www.eurojackpot-generator.de\/wp-content\/uploads\/2016\/12\/header-image.png?id=212) !important;*background-color: rgb(234,234,63) !important;}&#8221;][vc_column width=&#8221;1\/2&#8243; css=&#8221;.vc_custom_1506704453178{margin-left: -15px !important;}&#8221; el_class=&#8221;header-area&#8221;][\/vc_column][vc_column width=&#8221;1\/2&#8243;][vc_column_text] EuroJackpot Generator Calcule los n\u00fameros optimizados a trav\u00e9s del an\u00e1lisis estad\u00edstico [\/vc_column_text][\/vc_column][\/vc_row][vc_row css=&#8221;.vc_custom_1506713649386{margin-right: -45px !important;}&#8221;][vc_column width=&#8221;1\/2&#8243; css=&#8221;.vc_custom_1506713857512{margin-top: -20px !important;}&#8221;][vc_column_text el_class=&#8221;hidden-xs&#8221;] An\u00e1lisis estad\u00edstico Analice los n\u00fameros<span class=\"ellipsis\">&hellip;<\/span><\/p>\n","protected":false},"author":1,"featured_media":0,"parent":0,"menu_order":0,"comment_status":"closed","ping_status":"closed","template":"full-width.php","meta":{"footnotes":""},"class_list":["post-6","page","type-page","status-publish","hentry"],"translation":{"provider":"WPGlobus","version":"3.0.0","language":"es","enabled_languages":["de","en","es"],"languages":{"de":{"title":true,"content":true,"excerpt":false},"en":{"title":true,"content":true,"excerpt":false},"es":{"title":false,"content":true,"excerpt":false}}},"_links":{"self":[{"href":"https:\/\/www.eurojackpot-generator.de\/es\/wp-json\/wp\/v2\/pages\/6","targetHints":{"allow":["GET"]}}],"collection":[{"href":"https:\/\/www.eurojackpot-generator.de\/es\/wp-json\/wp\/v2\/pages"}],"about":[{"href":"https:\/\/www.eurojackpot-generator.de\/es\/wp-json\/wp\/v2\/types\/page"}],"author":[{"embeddable":true,"href":"https:\/\/www.eurojackpot-generator.de\/es\/wp-json\/wp\/v2\/users\/1"}],"replies":[{"embeddable":true,"href":"https:\/\/www.eurojackpot-generator.de\/es\/wp-json\/wp\/v2\/comments?post=6"}],"version-history":[{"count":18,"href":"https:\/\/www.eurojackpot-generator.de\/es\/wp-json\/wp\/v2\/pages\/6\/revisions"}],"predecessor-version":[{"id":329,"href":"https:\/\/www.eurojackpot-generator.de\/es\/wp-json\/wp\/v2\/pages\/6\/revisions\/329"}],"wp:attachment":[{"href":"https:\/\/www.eurojackpot-generator.de\/es\/wp-json\/wp\/v2\/media?parent=6"}],"curies":[{"name":"wp","href":"https:\/\/api.w.org\/{rel}","templated":true}]}}